{"id":2950,"date":"2025-02-19T18:09:38","date_gmt":"2025-02-19T18:09:38","guid":{"rendered":"https:\/\/pmaria-roma.rwdesarrollos.es\/servicios\/"},"modified":"2025-07-23T09:57:17","modified_gmt":"2025-07-23T09:57:17","slug":"servicios","status":"publish","type":"page","link":"https:\/\/pmaria-roma.org\/es\/servicios\/","title":{"rendered":"Servicios"},"content":{"rendered":"<div data-elementor-type=\"wp-page\" data-elementor-id=\"2950\" class=\"elementor elementor-2950 elementor-474\" data-elementor-post-type=\"page\">\n\t\t\t\t<div class=\"elementor-element elementor-element-4cb45a3 e-flex e-con-boxed e-con e-parent\" data-id=\"4cb45a3\" data-element_type=\"container\" data-settings='{\"background_background\":\"classic\"}'>\n\t\t\t\t\t<div class=\"e-con-inner\">\n\t\t\t\t<div class=\"elementor-element elementor-element-3f00403 elementor-widget elementor-widget-heading\" data-id=\"3f00403\" data-element_type=\"widget\" data-widget_type=\"heading.default\">\n\t\t\t\t<div class=\"elementor-widget-container\">\n\t\t\t\t\t<h1 class=\"elementor-heading-title elementor-size-default\">Servicios<\/h1>\t\t\t\t<\/div>\n\t\t\t\t<\/div>\n\t\t<div class=\"elementor-element elementor-element-40189a7 e-con-full e-flex e-con e-child\" data-id=\"40189a7\" data-element_type=\"container\">\n\t\t\t\t<div class=\"elementor-element elementor-element-d006b34 elementor-widget elementor-widget-image\" data-id=\"d006b34\" data-element_type=\"widget\" data-widget_type=\"image.default\">\n\t\t\t\t<div class=\"elementor-widget-container\">\n\t\t\t\t\t\t\t\t\t\t\t\t\t\t\t<img decoding=\"async\" width=\"24\" height=\"24\" src=\"https:\/\/pmaria-roma.org\/wp-content\/uploads\/2025\/02\/home-icon.svg\" class=\"attachment-thumbnail size-thumbnail wp-image-2846\" alt=\"Servicio de comedor + pmaria-roma.org\">\t\t\t\t\t\t\t\t\t\t\t\t\t\t\t<\/div>\n\t\t\t\t<\/div>\n\t\t\t\t<div class=\"elementor-element elementor-element-f21258c elementor-widget elementor-widget-breadcrumbs\" data-id=\"f21258c\" data-element_type=\"widget\" data-widget_type=\"breadcrumbs.default\">\n\t\t\t\t<div class=\"elementor-widget-container\">\n\t\t\t\t\t<p id=\"breadcrumbs\"><span><span><a href=\"https:\/\/pmaria-roma.org\/es\/inicio\/\">Inicio<\/a><\/span><\/span><\/p>\t\t\t\t<\/div>\n\t\t\t\t<\/div>\n\t\t\t\t<\/div>\n\t\t\t\t\t<\/div>\n\t\t\t\t<\/div>\n\t\t<div class=\"elementor-element elementor-element-4e533c0 e-flex e-con-boxed e-con e-parent\" data-id=\"4e533c0\" data-element_type=\"container\">\n\t\t\t\t\t<div class=\"e-con-inner\">\n\t\t<div class=\"elementor-element elementor-element-8679032 e-con-full e-flex e-con e-child\" data-id=\"8679032\" data-element_type=\"container\">\n\t\t\t\t<div class=\"elementor-element elementor-element-daf4326 elementor-widget elementor-widget-rw-double-header\" data-id=\"daf4326\" data-element_type=\"widget\" data-widget_type=\"rw-double-header.default\">\n\t\t\t\t<div class=\"elementor-widget-container\">\n\t\t\t\t\t<div class=\"rw-double-heading\"><h2><span class=\"rw-title-one\">La Residenza Purezza di Mar\u00eda<\/span> <span class=\"rw-title-two\">ofrece<\/span><\/h2><\/div>\t\t\t\t<\/div>\n\t\t\t\t<\/div>\n\t\t\t\t<\/div>\n\t\t<div class=\"elementor-element elementor-element-875350e e-con-full e-flex e-con e-child\" data-id=\"875350e\" data-element_type=\"container\">\n\t\t\t\t<div class=\"elementor-element elementor-element-abb27c0 elementor-widget elementor-widget-text-editor\" data-id=\"abb27c0\" data-element_type=\"widget\" data-widget_type=\"text-editor.default\">\n\t\t\t\t<div class=\"elementor-widget-container\">\n\t\t\t\t\t\t\t\t\t<p data-pm-slice=\"1 1 []\"><strong>En la Residenza Purezza di Maria nos ocupamos de los peque\u00f1os detalles que facilitan tu vida cotidiana. <\/strong><\/p><p>Ofrecemos una recepci\u00f3n atendida con la presencia atenta y cercana de las hermanas. Adem\u00e1s, proporcionamos Wi-Fi gratuito en toda la residencia y un servicio de recepci\u00f3n de paquetes y correo para tu comodidad. <\/p>\t\t\t\t\t\t\t\t<\/div>\n\t\t\t\t<\/div>\n\t\t\t\t<\/div>\n\t\t\t\t\t<\/div>\n\t\t\t\t<\/div>\n\t\t<div class=\"elementor-element elementor-element-2a1a968b e-flex e-con-boxed e-con e-parent\" data-id=\"2a1a968b\" data-element_type=\"container\">\n\t\t\t\t\t<div class=\"e-con-inner\">\n\t\t\t\t<div class=\"elementor-element elementor-element-7b5c0f35 elementor-widget elementor-widget-pm-services-grid\" data-id=\"7b5c0f35\" data-element_type=\"widget\" data-widget_type=\"pm-services-grid.default\">\n\t\t\t\t<div class=\"elementor-widget-container\">\n\t\t\t\t\t\n        <div class=\"rw-last-services-grid\">\n\n            \n                <div class=\"rw-last-services-grid__item\">\n\n                    <div class=\"rw-last-services-grid__item--overlay\"><\/div>\n\n                    \n                        <div class=\"rw-last-services-grid__item--image\">\n                            <img decoding=\"async\" src=\"https:\/\/pmaria-roma.org\/wp-content\/uploads\/2025\/02\/IMG_2007-scaled.jpg\" alt=\"Sala de estudio\" loading=\"lazy\">\n                        <\/div>\n\n                    \n                    <div class=\"rw-last-services-grid__item--content\">\n\n                        <h3 class=\"rw-last-services-grid__item--content__title\">Sala de estudio<\/h3>\n                        <p class=\"rw-last-services-grid__item--content__description\">Equipada para ofrecer un entorno tranquilo y c\u00f3modo que favorezca la concentraci\u00f3n y el rendimiento acad\u00e9mico, destaca por su luminosidad.<\/p>\n\n                        \n                    <\/div>\n\n                <\/div>\n\n                \n                <div class=\"rw-last-services-grid__item\">\n\n                    <div class=\"rw-last-services-grid__item--overlay\"><\/div>\n\n                    \n                        <div class=\"rw-last-services-grid__item--image\">\n                            <img decoding=\"async\" src=\"https:\/\/pmaria-roma.org\/wp-content\/uploads\/2025\/02\/IMG_0423-scaled.jpg\" alt=\"Lavander\u00eda\" loading=\"lazy\">\n                        <\/div>\n\n                    \n                    <div class=\"rw-last-services-grid__item--content\">\n\n                        <h3 class=\"rw-last-services-grid__item--content__title\">Lavander\u00eda<\/h3>\n                        <p class=\"rw-last-services-grid__item--content__description\">Un espacio pr\u00e1ctico y funcional que facilita las tareas del d\u00eda a d\u00eda.<\/p>\n\n                        \n                    <\/div>\n\n                <\/div>\n\n                \n                <div class=\"rw-last-services-grid__item\">\n\n                    <div class=\"rw-last-services-grid__item--overlay\"><\/div>\n\n                    \n                        <div class=\"rw-last-services-grid__item--image\">\n                            <img decoding=\"async\" src=\"https:\/\/pmaria-roma.org\/wp-content\/uploads\/2025\/05\/IMG_2077__-scaled.jpg\" alt=\"Habitaciones\" loading=\"lazy\">\n                        <\/div>\n\n                    \n                    <div class=\"rw-last-services-grid__item--content\">\n\n                        <h3 class=\"rw-last-services-grid__item--content__title\">Habitaciones<\/h3>\n                        <p class=\"rw-last-services-grid__item--content__description\">La residencia dispone de 19 habitaciones individuales y 3 dobles. Todas cuentan con ba\u00f1o completo, sistema de aire acondicionado y calefacci\u00f3n y conexi\u00f3n Wi-Fi.<\/p>\n\n                        \n                    <\/div>\n\n                <\/div>\n\n                \n                <div class=\"rw-last-services-grid__item\">\n\n                    <div class=\"rw-last-services-grid__item--overlay\"><\/div>\n\n                    \n                        <div class=\"rw-last-services-grid__item--image\">\n                            <img decoding=\"async\" src=\"https:\/\/pmaria-roma.org\/wp-content\/uploads\/2025\/02\/IMG_1268-scaled.jpg\" alt=\"Servicio de comedor\" loading=\"lazy\">\n                        <\/div>\n\n                    \n                    <div class=\"rw-last-services-grid__item--content\">\n\n                        <h3 class=\"rw-last-services-grid__item--content__title\">Servicio de comedor<\/h3>\n                        <p class=\"rw-last-services-grid__item--content__description\">Un entorno espacioso y totalmente equipado, dise\u00f1ado para fomentar la convivencia. Disponemos de una cocina propia que ofrece platos tradicionales italianos.<\/p>\n\n                        \n                    <\/div>\n\n                <\/div>\n\n                \n            \n        <\/div>\n\n        \t\t\t\t<\/div>\n\t\t\t\t<\/div>\n\t\t\t\t\t<\/div>\n\t\t\t\t<\/div>\n\t\t<div class=\"elementor-element elementor-element-703ba66 e-flex e-con-boxed e-con e-parent\" data-id=\"703ba66\" data-element_type=\"container\">\n\t\t\t\t\t<div class=\"e-con-inner\">\n\t\t<div class=\"elementor-element elementor-element-1c6238b e-con-full e-flex e-con e-child\" data-id=\"1c6238b\" data-element_type=\"container\" data-settings='{\"background_background\":\"classic\"}'>\n\t\t\t\t<div class=\"elementor-element elementor-element-a2fa2a8 elementor-widget elementor-widget-rw-double-header\" data-id=\"a2fa2a8\" data-element_type=\"widget\" data-widget_type=\"rw-double-header.default\">\n\t\t\t\t<div class=\"elementor-widget-container\">\n\t\t\t\t\t<div class=\"rw-double-heading\"><h2><span class=\"rw-title-one\">Cocina<\/span> <span class=\"rw-title-two\">interna<\/span><\/h2><\/div>\t\t\t\t<\/div>\n\t\t\t\t<\/div>\n\t\t\t\t<div class=\"elementor-element elementor-element-8b4bdc5 elementor-widget elementor-widget-text-editor\" data-id=\"8b4bdc5\" data-element_type=\"widget\" data-widget_type=\"text-editor.default\">\n\t\t\t\t<div class=\"elementor-widget-container\">\n\t\t\t\t\t\t\t\t\t<ul><li>Cocina tradicional italiana<\/li><li>Tarta casera dos veces por semana<\/li><li>Servicio 7 d\u00edas a la semana para las tres comidas principales<\/li><li> Comida para llevar disponible de lunes a viernes.<\/li><\/ul>\t\t\t\t\t\t\t\t<\/div>\n\t\t\t\t<\/div>\n\t\t\t\t<\/div>\n\t\t<div class=\"elementor-element elementor-element-1170d55 e-con-full e-flex e-con e-child\" data-id=\"1170d55\" data-element_type=\"container\" data-settings='{\"background_background\":\"classic\"}'>\n\t\t\t\t<div class=\"elementor-element elementor-element-8a284ea elementor-widget elementor-widget-image\" data-id=\"8a284ea\" data-element_type=\"widget\" data-widget_type=\"image.default\">\n\t\t\t\t<div class=\"elementor-widget-container\">\n\t\t\t\t\t\t\t\t\t\t\t\t\t\t\t<img fetchpriority=\"high\" decoding=\"async\" width=\"349\" height=\"491\" src=\"https:\/\/pmaria-roma.org\/wp-content\/uploads\/2025\/06\/cocina-purezza-e1749469509245.webp\" class=\"attachment-full size-full wp-image-2900\" alt=\"Servicio de comedor + pmaria-roma.org\" srcset=\"https:\/\/pmaria-roma.org\/wp-content\/uploads\/2025\/06\/cocina-purezza-e1749469509245.webp 349w, https:\/\/pmaria-roma.org\/wp-content\/uploads\/2025\/06\/cocina-purezza-e1749469509245-213x300.webp 213w\" sizes=\"(max-width: 349px) 100vw, 349px\">\t\t\t\t\t\t\t\t\t\t\t\t\t\t\t<\/div>\n\t\t\t\t<\/div>\n\t\t\t\t<\/div>\n\t\t<div class=\"elementor-element elementor-element-c94c4e5 e-con-full e-flex e-con e-child\" data-id=\"c94c4e5\" data-element_type=\"container\" data-settings='{\"background_background\":\"classic\"}'>\n\t\t\t\t<div class=\"elementor-element elementor-element-62bcdab elementor-widget elementor-widget-heading\" data-id=\"62bcdab\" data-element_type=\"widget\" data-widget_type=\"heading.default\">\n\t\t\t\t<div class=\"elementor-widget-container\">\n\t\t\t\t\t<h2 class=\"elementor-heading-title elementor-size-default\">Horario de comidas<\/h2>\t\t\t\t<\/div>\n\t\t\t\t<\/div>\n\t\t\t\t<div class=\"elementor-element elementor-element-cdd49d1 elementor-widget elementor-widget-text-editor\" data-id=\"cdd49d1\" data-element_type=\"widget\" data-widget_type=\"text-editor.default\">\n\t\t\t\t<div class=\"elementor-widget-container\">\n\t\t\t\t\t\t\t\t\t<ul><li><strong>Desayuno:<\/strong> diario, de 7:30 a 10:00h.<\/li><li><strong>Almuerzo:<\/strong> diario, 13:00-14:00h, con opci\u00f3n variable.<\/li><li><strong>Cena:<\/strong> todos los d\u00edas, de 20:00 a 21:00h.<\/li><\/ul>\t\t\t\t\t\t\t\t<\/div>\n\t\t\t\t<\/div>\n\t\t\t\t<\/div>\n\t\t\t\t\t<\/div>\n\t\t\t\t<\/div>\n\t\t<div class=\"elementor-element elementor-element-37e30ec e-flex e-con-boxed e-con e-parent\" data-id=\"37e30ec\" data-element_type=\"container\">\n\t\t\t\t\t<div class=\"e-con-inner\">\n\t\t<div class=\"elementor-element elementor-element-dd67572 e-con-full e-flex e-con e-child\" data-id=\"dd67572\" data-element_type=\"container\">\n\t\t<div class=\"elementor-element elementor-element-cc78781 e-con-full e-flex e-con e-child\" data-id=\"cc78781\" data-element_type=\"container\">\n\t\t\t\t<div class=\"elementor-element elementor-element-eaefb5f elementor-widget-tablet__width-inherit elementor-widget elementor-widget-image\" data-id=\"eaefb5f\" data-element_type=\"widget\" data-widget_type=\"image.default\">\n\t\t\t\t<div class=\"elementor-widget-container\">\n\t\t\t\t\t\t\t\t\t\t\t\t\t\t\t<img decoding=\"async\" width=\"1440\" height=\"2560\" src=\"https:\/\/pmaria-roma.org\/wp-content\/uploads\/2025\/05\/IMG_1982-scaled.jpg\" class=\"attachment-full size-full wp-image-2884\" alt=\"Servicio de comedor + pmaria-roma.org\" srcset=\"https:\/\/pmaria-roma.org\/wp-content\/uploads\/2025\/05\/IMG_1982-scaled.jpg 1440w, https:\/\/pmaria-roma.org\/wp-content\/uploads\/2025\/05\/IMG_1982-169x300.jpg 169w, https:\/\/pmaria-roma.org\/wp-content\/uploads\/2025\/05\/IMG_1982-576x1024.jpg 576w, https:\/\/pmaria-roma.org\/wp-content\/uploads\/2025\/05\/IMG_1982-768x1365.jpg 768w, https:\/\/pmaria-roma.org\/wp-content\/uploads\/2025\/05\/IMG_1982-864x1536.jpg 864w, https:\/\/pmaria-roma.org\/wp-content\/uploads\/2025\/05\/IMG_1982-1152x2048.jpg 1152w\" sizes=\"(max-width: 1440px) 100vw, 1440px\">\t\t\t\t\t\t\t\t\t\t\t\t\t\t\t<\/div>\n\t\t\t\t<\/div>\n\t\t\t\t<\/div>\n\t\t<div class=\"elementor-element elementor-element-b2ad7f2 e-con-full e-flex e-con e-child\" data-id=\"b2ad7f2\" data-element_type=\"container\">\n\t\t<div class=\"elementor-element elementor-element-6b230e6 e-con-full e-flex e-con e-child\" data-id=\"6b230e6\" data-element_type=\"container\" data-settings='{\"background_background\":\"classic\"}'>\n\t\t\t\t<div class=\"elementor-element elementor-element-2161b54 elementor-widget elementor-widget-rw-double-header\" data-id=\"2161b54\" data-element_type=\"widget\" data-widget_type=\"rw-double-header.default\">\n\t\t\t\t<div class=\"elementor-widget-container\">\n\t\t\t\t\t<div class=\"rw-double-heading\"><h2><span class=\"rw-title-one\">Horario de apertura<\/span> <span class=\"rw-title-two\">de la casa<\/span><\/h2><\/div>\t\t\t\t<\/div>\n\t\t\t\t<\/div>\n\t\t\t\t<div class=\"elementor-element elementor-element-02662b4 elementor-widget elementor-widget-text-editor\" data-id=\"02662b4\" data-element_type=\"widget\" data-widget_type=\"text-editor.default\">\n\t\t\t\t<div class=\"elementor-widget-container\">\n\t\t\t\t\t\t\t\t\t<p><strong>Apertura:<\/strong><\/p><ul><li>De lunes a viernes: 6:00h.<\/li><li>S\u00e1bados, domingos y festivos: 7.30 h.<\/li><\/ul><p><strong>Cierre:<\/strong><\/p><ul><li>De domingo a jueves (y festivos): 23:00h.<\/li><li>Viernes y s\u00e1bado: 02:00h.<\/li><\/ul>\t\t\t\t\t\t\t\t<\/div>\n\t\t\t\t<\/div>\n\t\t\t\t<\/div>\n\t\t\t\t<\/div>\n\t\t\t\t<\/div>\n\t\t\t\t\t<\/div>\n\t\t\t\t<\/div>\n\t\t<div class=\"elementor-element elementor-element-1ac2ec2 e-flex e-con-boxed e-con e-parent\" data-id=\"1ac2ec2\" data-element_type=\"container\" data-settings='{\"background_background\":\"classic\"}'>\n\t\t\t\t\t<div class=\"e-con-inner\">\n\t\t<div class=\"elementor-element elementor-element-74419af e-con-full e-flex e-con e-child\" data-id=\"74419af\" data-element_type=\"container\">\n\t\t\t\t<div class=\"elementor-element elementor-element-9a26f6c elementor-widget elementor-widget-heading\" data-id=\"9a26f6c\" data-element_type=\"widget\" data-widget_type=\"heading.default\">\n\t\t\t\t<div class=\"elementor-widget-container\">\n\t\t\t\t\t<h2 class=\"elementor-heading-title elementor-size-default\">Actividades pastorales<\/h2>\t\t\t\t<\/div>\n\t\t\t\t<\/div>\n\t\t\t\t<div class=\"elementor-element elementor-element-b9002d9 elementor-widget elementor-widget-text-editor\" data-id=\"b9002d9\" data-element_type=\"widget\" data-widget_type=\"text-editor.default\">\n\t\t\t\t<div class=\"elementor-widget-container\">\n\t\t\t\t\t\t\t\t\t<p>La Eucarist\u00eda es el centro de nuestra vida espiritual en la Residencia Purezza de Mar\u00eda.<\/p><p>Un tiempo de encuentro, reflexi\u00f3n y unidad que fortalece nuestra fe y nuestra comunidad.<\/p>\t\t\t\t\t\t\t\t<\/div>\n\t\t\t\t<\/div>\n\t\t\t\t<div class=\"elementor-element elementor-element-9870b74 elementor-widget elementor-widget-heading\" data-id=\"9870b74\" data-element_type=\"widget\" data-widget_type=\"heading.default\">\n\t\t\t\t<div class=\"elementor-widget-container\">\n\t\t\t\t\t<h2 class=\"elementor-heading-title elementor-size-default\">De lunes a viernes a las 19:00h.<\/h2>\t\t\t\t<\/div>\n\t\t\t\t<\/div>\n\t\t\t\t<\/div>\n\t\t<div class=\"elementor-element elementor-element-b7a67e1 e-con-full e-flex e-con e-child\" data-id=\"b7a67e1\" data-element_type=\"container\" data-settings='{\"background_background\":\"classic\"}'>\n\t\t\t\t<\/div>\n\t\t\t\t\t<\/div>\n\t\t\t\t<\/div>\n\t\t\t\t<\/div>\n\t\t","protected":false},"excerpt":{"rendered":"<p>La Residenza Purezza di Mar\u00eda ofrece En la Residenza Purezza di Maria nos ocupamos de los peque\u00f1os detalles que facilitan tu vida cotidiana. Ofrecemos una recepci\u00f3n atendida con la presencia atenta y cercana de las hermanas. Adem\u00e1s, proporcionamos Wi-Fi gratuito en toda la residencia y un servicio de recepci\u00f3n de paquetes y correo para tu [&hellip;]<\/p>\n","protected":false},"author":1,"featured_media":0,"parent":0,"menu_order":0,"comment_status":"closed","ping_status":"closed","template":"","meta":{"footnotes":""},"class_list":["post-2950","page","type-page","status-publish","hentry"],"yoast_head":"<!-- This site is optimized with the Yoast SEO plugin v25.8 - https:\/\/yoast.com\/wordpress\/plugins\/seo\/ -->\n<title>Servicios | Residencia Purezza de Maria<\/title>\n<meta name=\"description\" content=\"En Residenza Pureza de Mar\u00eda ofrecemos un comedor, habitaciones confortables y una sala de estudio, todo ello en un ambiente acogedor pensado para tu bienestar.\" \/>\n<meta name=\"robots\" content=\"index, follow, max-snippet:-1, max-image-preview:large, max-video-preview:-1\" \/>\n<link rel=\"canonical\" href=\"https:\/\/pmaria-roma.org\/es\/servicios\/\" \/>\n<meta property=\"og:locale\" content=\"es_ES\" \/>\n<meta property=\"og:type\" content=\"article\" \/>\n<meta property=\"og:title\" content=\"Servicios | Residencia Purezza de Maria\" \/>\n<meta property=\"og:description\" content=\"En Residenza Pureza de Mar\u00eda ofrecemos un comedor, habitaciones confortables y una sala de estudio, todo ello en un ambiente acogedor pensado para tu bienestar.\" \/>\n<meta property=\"og:url\" content=\"https:\/\/pmaria-roma.org\/es\/servicios\/\" \/>\n<meta property=\"og:site_name\" content=\"Residencia Purezza de Maria\" \/>\n<meta property=\"article:modified_time\" content=\"2025-07-23T09:57:17+00:00\" \/>\n<meta property=\"og:image\" content=\"https:\/\/pmaria-roma.org\/wp-content\/uploads\/2025\/02\/Purezza-de-Maria-Roma-Logo.png\" \/>\n\t<meta property=\"og:image:width\" content=\"2214\" \/>\n\t<meta property=\"og:image:height\" content=\"617\" \/>\n\t<meta property=\"og:image:type\" content=\"image\/png\" \/>\n<meta name=\"twitter:card\" content=\"summary_large_image\" \/>\n<meta name=\"twitter:label1\" content=\"Tiempo de lectura\" \/>\n\t<meta name=\"twitter:data1\" content=\"3 minutos\" \/>\n<script type=\"application\/ld+json\" class=\"yoast-schema-graph\">{\"@context\":\"https:\/\/schema.org\",\"@graph\":[{\"@type\":\"WebPage\",\"@id\":\"https:\/\/pmaria-roma.org\/es\/servicios\/\",\"url\":\"https:\/\/pmaria-roma.org\/es\/servicios\/\",\"name\":\"Servicios | Residencia Purezza de Maria\",\"isPartOf\":{\"@id\":\"https:\/\/pmaria-roma.org\/es\/#website\"},\"primaryImageOfPage\":{\"@id\":\"https:\/\/pmaria-roma.org\/es\/servicios\/#primaryimage\"},\"image\":{\"@id\":\"https:\/\/pmaria-roma.org\/es\/servicios\/#primaryimage\"},\"thumbnailUrl\":\"https:\/\/pmaria-roma.org\/wp-content\/uploads\/2025\/02\/home-icon.svg\",\"datePublished\":\"2025-02-19T18:09:38+00:00\",\"dateModified\":\"2025-07-23T09:57:17+00:00\",\"description\":\"En Residenza Pureza de Mar\u00eda ofrecemos un comedor, habitaciones confortables y una sala de estudio, todo ello en un ambiente acogedor pensado para tu bienestar.\",\"breadcrumb\":{\"@id\":\"https:\/\/pmaria-roma.org\/es\/servicios\/#breadcrumb\"},\"inLanguage\":\"es\",\"potentialAction\":[{\"@type\":\"ReadAction\",\"target\":[\"https:\/\/pmaria-roma.org\/es\/servicios\/\"]}]},{\"@type\":\"ImageObject\",\"inLanguage\":\"es\",\"@id\":\"https:\/\/pmaria-roma.org\/es\/servicios\/#primaryimage\",\"url\":\"https:\/\/pmaria-roma.org\/wp-content\/uploads\/2025\/02\/home-icon.svg\",\"contentUrl\":\"https:\/\/pmaria-roma.org\/wp-content\/uploads\/2025\/02\/home-icon.svg\"},{\"@type\":\"BreadcrumbList\",\"@id\":\"https:\/\/pmaria-roma.org\/es\/servicios\/#breadcrumb\",\"itemListElement\":[{\"@type\":\"ListItem\",\"position\":1,\"name\":\"Inicio\",\"item\":\"https:\/\/pmaria-roma.org\/es\/inicio\/\"},{\"@type\":\"ListItem\",\"position\":2,\"name\":\"Servicios\"}]},{\"@type\":\"WebSite\",\"@id\":\"https:\/\/pmaria-roma.org\/es\/#website\",\"url\":\"https:\/\/pmaria-roma.org\/es\/\",\"name\":\"Residenza e Museo Purezza de Maria\",\"description\":\"\",\"publisher\":{\"@id\":\"https:\/\/pmaria-roma.org\/es\/#organization\"},\"alternateName\":\"Purezza de Maria\",\"potentialAction\":[{\"@type\":\"SearchAction\",\"target\":{\"@type\":\"EntryPoint\",\"urlTemplate\":\"https:\/\/pmaria-roma.org\/es\/?s={search_term_string}\"},\"query-input\":{\"@type\":\"PropertyValueSpecification\",\"valueRequired\":true,\"valueName\":\"search_term_string\"}}],\"inLanguage\":\"es\"},{\"@type\":\"Organization\",\"@id\":\"https:\/\/pmaria-roma.org\/es\/#organization\",\"name\":\"Residenza e Museo Purezza de Maria\",\"url\":\"https:\/\/pmaria-roma.org\/es\/\",\"logo\":{\"@type\":\"ImageObject\",\"inLanguage\":\"es\",\"@id\":\"https:\/\/pmaria-roma.org\/es\/#\/schema\/logo\/image\/\",\"url\":\"https:\/\/pmaria-roma.org\/wp-content\/uploads\/2025\/02\/Purezza-de-Maria-Roma-Logo.png\",\"contentUrl\":\"https:\/\/pmaria-roma.org\/wp-content\/uploads\/2025\/02\/Purezza-de-Maria-Roma-Logo.png\",\"width\":2214,\"height\":617,\"caption\":\"Residenza e Museo Purezza de Maria\"},\"image\":{\"@id\":\"https:\/\/pmaria-roma.org\/es\/#\/schema\/logo\/image\/\"}}]}<\/script>\n<!-- \/ Yoast SEO plugin. -->","yoast_head_json":{"title":"Servicios | Residencia Purezza de Maria","description":"En Residenza Pureza de Mar\u00eda ofrecemos un comedor, habitaciones confortables y una sala de estudio, todo ello en un ambiente acogedor pensado para tu bienestar.","robots":{"index":"index","follow":"follow","max-snippet":"max-snippet:-1","max-image-preview":"max-image-preview:large","max-video-preview":"max-video-preview:-1"},"canonical":"https:\/\/pmaria-roma.org\/es\/servicios\/","og_locale":"es_ES","og_type":"article","og_title":"Servicios | Residencia Purezza de Maria","og_description":"En Residenza Pureza de Mar\u00eda ofrecemos un comedor, habitaciones confortables y una sala de estudio, todo ello en un ambiente acogedor pensado para tu bienestar.","og_url":"https:\/\/pmaria-roma.org\/es\/servicios\/","og_site_name":"Residencia Purezza de Maria","article_modified_time":"2025-07-23T09:57:17+00:00","og_image":[{"width":2214,"height":617,"url":"https:\/\/pmaria-roma.org\/wp-content\/uploads\/2025\/02\/Purezza-de-Maria-Roma-Logo.png","type":"image\/png"}],"twitter_card":"summary_large_image","twitter_misc":{"Tiempo de lectura":"3 minutos"},"schema":{"@context":"https:\/\/schema.org","@graph":[{"@type":"WebPage","@id":"https:\/\/pmaria-roma.org\/es\/servicios\/","url":"https:\/\/pmaria-roma.org\/es\/servicios\/","name":"Servicios | Residencia Purezza de Maria","isPartOf":{"@id":"https:\/\/pmaria-roma.org\/es\/#website"},"primaryImageOfPage":{"@id":"https:\/\/pmaria-roma.org\/es\/servicios\/#primaryimage"},"image":{"@id":"https:\/\/pmaria-roma.org\/es\/servicios\/#primaryimage"},"thumbnailUrl":"https:\/\/pmaria-roma.org\/wp-content\/uploads\/2025\/02\/home-icon.svg","datePublished":"2025-02-19T18:09:38+00:00","dateModified":"2025-07-23T09:57:17+00:00","description":"En Residenza Pureza de Mar\u00eda ofrecemos un comedor, habitaciones confortables y una sala de estudio, todo ello en un ambiente acogedor pensado para tu bienestar.","breadcrumb":{"@id":"https:\/\/pmaria-roma.org\/es\/servicios\/#breadcrumb"},"inLanguage":"es","potentialAction":[{"@type":"ReadAction","target":["https:\/\/pmaria-roma.org\/es\/servicios\/"]}]},{"@type":"ImageObject","inLanguage":"es","@id":"https:\/\/pmaria-roma.org\/es\/servicios\/#primaryimage","url":"https:\/\/pmaria-roma.org\/wp-content\/uploads\/2025\/02\/home-icon.svg","contentUrl":"https:\/\/pmaria-roma.org\/wp-content\/uploads\/2025\/02\/home-icon.svg"},{"@type":"BreadcrumbList","@id":"https:\/\/pmaria-roma.org\/es\/servicios\/#breadcrumb","itemListElement":[{"@type":"ListItem","position":1,"name":"Inicio","item":"https:\/\/pmaria-roma.org\/es\/inicio\/"},{"@type":"ListItem","position":2,"name":"Servicios"}]},{"@type":"WebSite","@id":"https:\/\/pmaria-roma.org\/es\/#website","url":"https:\/\/pmaria-roma.org\/es\/","name":"Residenza e Museo Purezza de Maria","description":"","publisher":{"@id":"https:\/\/pmaria-roma.org\/es\/#organization"},"alternateName":"Purezza de Maria","potentialAction":[{"@type":"SearchAction","target":{"@type":"EntryPoint","urlTemplate":"https:\/\/pmaria-roma.org\/es\/?s={search_term_string}"},"query-input":{"@type":"PropertyValueSpecification","valueRequired":true,"valueName":"search_term_string"}}],"inLanguage":"es"},{"@type":"Organization","@id":"https:\/\/pmaria-roma.org\/es\/#organization","name":"Residenza e Museo Purezza de Maria","url":"https:\/\/pmaria-roma.org\/es\/","logo":{"@type":"ImageObject","inLanguage":"es","@id":"https:\/\/pmaria-roma.org\/es\/#\/schema\/logo\/image\/","url":"https:\/\/pmaria-roma.org\/wp-content\/uploads\/2025\/02\/Purezza-de-Maria-Roma-Logo.png","contentUrl":"https:\/\/pmaria-roma.org\/wp-content\/uploads\/2025\/02\/Purezza-de-Maria-Roma-Logo.png","width":2214,"height":617,"caption":"Residenza e Museo Purezza de Maria"},"image":{"@id":"https:\/\/pmaria-roma.org\/es\/#\/schema\/logo\/image\/"}}]}},"_links":{"self":[{"href":"https:\/\/pmaria-roma.org\/es\/wp-json\/wp\/v2\/pages\/2950","targetHints":{"allow":["GET"]}}],"collection":[{"href":"https:\/\/pmaria-roma.org\/es\/wp-json\/wp\/v2\/pages"}],"about":[{"href":"https:\/\/pmaria-roma.org\/es\/wp-json\/wp\/v2\/types\/page"}],"author":[{"embeddable":true,"href":"https:\/\/pmaria-roma.org\/es\/wp-json\/wp\/v2\/users\/1"}],"replies":[{"embeddable":true,"href":"https:\/\/pmaria-roma.org\/es\/wp-json\/wp\/v2\/comments?post=2950"}],"version-history":[{"count":0,"href":"https:\/\/pmaria-roma.org\/es\/wp-json\/wp\/v2\/pages\/2950\/revisions"}],"wp:attachment":[{"href":"https:\/\/pmaria-roma.org\/es\/wp-json\/wp\/v2\/media?parent=2950"}],"curies":[{"name":"wp","href":"https:\/\/api.w.org\/{rel}","templated":true}]}}